{"id":59,"date":"2017-01-26T14:07:06","date_gmt":"2017-01-26T13:07:06","guid":{"rendered":"https:\/\/pasiekamarianowo.com.pl\/?page_id=59"},"modified":"2020-06-01T13:28:31","modified_gmt":"2020-06-01T11:28:31","slug":"matki-pszczele","status":"publish","type":"page","link":"https:\/\/pasiekamarianowo.com.pl\/index.php\/matki-pszczele\/","title":{"rendered":"MATKI PSZCZELE"},"content":{"rendered":"<p>[et_pb_section transparent_background=&#8221;off&#8221; background_color=&#8221;#260000&#8243; allow_player_pause=&#8221;off&#8221; inner_shadow=&#8221;off&#8221; parallax=&#8221;on&#8221; parallax_method=&#8221;off&#8221; custom_padding=&#8221;54px|0px|0px|0px&#8221; padding_mobile=&#8221;off&#8221; make_fullwidth=&#8221;off&#8221; use_custom_width=&#8221;off&#8221; width_unit=&#8221;on&#8221; custom_width_px=&#8221;1080px&#8221; custom_width_percent=&#8221;80%&#8221; make_equal=&#8221;off&#8221; use_custom_gutter=&#8221;off&#8221; fullwidth=&#8221;off&#8221; specialty=&#8221;off&#8221; disabled_on=&#8221;on|on|off&#8221; admin_label=&#8221;Section&#8221; module_id=&#8221;next&#8221; disabled=&#8221;off&#8221; collapsed=&#8221;off&#8221;][et_pb_row make_fullwidth=&#8221;off&#8221; use_custom_width=&#8221;off&#8221; width_unit=&#8221;on&#8221; custom_width_px=&#8221;1080px&#8221; custom_width_percent=&#8221;80%&#8221; use_custom_gutter=&#8221;on&#8221; gutter_width=&#8221;2&#8243; padding_mobile=&#8221;off&#8221; allow_player_pause=&#8221;off&#8221; parallax=&#8221;off&#8221; parallax_method=&#8221;off&#8221; make_equal=&#8221;off&#8221; column_padding_mobile=&#8221;on&#8221; parallax_1=&#8221;off&#8221; parallax_method_1=&#8221;off&#8221; parallax_2=&#8221;off&#8221; parallax_method_2=&#8221;off&#8221; parallax_3=&#8221;off&#8221; parallax_method_3=&#8221;off&#8221; parallax_4=&#8221;off&#8221; parallax_method_4=&#8221;on&#8221; admin_label=&#8221;Row&#8221; disabled=&#8221;off&#8221;][et_pb_column type=&#8221;1_2&#8243; disabled=&#8221;off&#8221; parallax=&#8221;off&#8221; parallax_method=&#8221;off&#8221; column_padding_mobile=&#8221;on&#8221;][et_pb_image src=&#8221;https:\/\/pasiekamarianowo.com.pl\/wp-content\/uploads\/2017\/01\/DSC_0011.jpg&#8221; show_in_lightbox=&#8221;off&#8221; url_new_window=&#8221;off&#8221; use_overlay=&#8221;off&#8221; sticky=&#8221;off&#8221; align=&#8221;left&#8221; force_fullwidth=&#8221;off&#8221; always_center_on_mobile=&#8221;on&#8221; admin_label=&#8221;Image&#8221; use_border_color=&#8221;off&#8221; border_color=&#8221;#ffffff&#8221; border_width=&#8221;1px&#8221; border_style=&#8221;solid&#8221; custom_margin_tablet=&#8221;|0px||&#8221; custom_margin_last_edited=&#8221;on|desktop&#8221; disabled=&#8221;off&#8221;]<br \/>\n[\/et_pb_image][\/et_pb_column][et_pb_column type=&#8221;1_2&#8243; disabled=&#8221;off&#8221; parallax=&#8221;off&#8221; parallax_method=&#8221;off&#8221; column_padding_mobile=&#8221;on&#8221;][et_pb_cta url_new_window=&#8221;off&#8221; use_background_color=&#8221;off&#8221; background_color=&#8221;#fcbf00&#8243; background_layout=&#8221;light&#8221; text_orientation=&#8221;left&#8221; admin_label=&#8221;Service one heading&#8221; header_font=&#8221;Open Sans|on|||&#8221; header_font_size=&#8221;35&#8243; header_font_size_phone=&#8221;30&#8243; header_font_size_last_edited=&#8221;on|desktop&#8221; header_text_color=&#8221;#494949&#8243; header_line_height=&#8221;1.4em&#8221; body_font=&#8221;Open Sans||||&#8221; body_font_size=&#8221;16&#8243; body_text_color=&#8221;#666666&#8243; body_line_height=&#8221;1.5em&#8221; use_border_color=&#8221;off&#8221; border_color=&#8221;#ffffff&#8221; border_width=&#8221;1px&#8221; border_style=&#8221;solid&#8221; custom_margin=&#8221;||0px|&#8221; custom_padding=&#8221;||0px|&#8221; custom_button=&#8221;off&#8221; button_text_size=&#8221;17&#8243; button_border_radius=&#8221;0&#8243; button_letter_spacing=&#8221;0&#8243; button_use_icon=&#8221;default&#8221; button_icon_placement=&#8221;right&#8221; button_on_hover=&#8221;on&#8221; button_letter_spacing_hover=&#8221;0&#8243; custom_css_promo_title=&#8221;font-weight:800;&#8221; disabled=&#8221;off&#8221;]<\/p>\n<h2>Matki <span style=\"color: #f7c100;\">Pszczele<\/span><\/h2>\n<p>[\/et_pb_cta][et_pb_cta button_url=&#8221;http:\/\/pasiekamarianowo.com.pl\/index.php\/kontakt\/&#8221; url_new_window=&#8221;off&#8221; button_text=&#8221;Napisz do nas&#8221; use_background_color=&#8221;off&#8221; background_color=&#8221;#fcbf00&#8243; background_layout=&#8221;light&#8221; text_orientation=&#8221;left&#8221; admin_label=&#8221;service 1 &#8221; module_id=&#8221;toptext&#8221; header_font_size=&#8221;38&#8243; header_font_size_tablet=&#8221;34&#8243; header_font_size_phone=&#8221;30&#8243; header_font_size_last_edited=&#8221;on|tablet&#8221; body_font=&#8221;Open Sans||||&#8221; body_font_size=&#8221;16&#8243; body_text_color=&#8221;#666666&#8243; body_line_height=&#8221;1.5em&#8221; use_border_color=&#8221;off&#8221; border_color=&#8221;#ffffff&#8221; border_width=&#8221;1px&#8221; border_style=&#8221;solid&#8221; custom_margin=&#8221;0px|||&#8221; custom_padding=&#8221;0px|||&#8221; custom_button=&#8221;off&#8221; button_text_size=&#8221;17&#8243; button_text_color=&#8221;#fcbf00&#8243; button_bg_color=&#8221;#2b2c2a&#8221; button_border_color=&#8221;#2b2c2a&#8221; button_border_radius=&#8221;0&#8243; button_letter_spacing=&#8221;2&#8243; button_font=&#8221;Oswald|||on|&#8221; button_use_icon=&#8221;on&#8221; button_icon=&#8221;%%24%%&#8221; button_icon_placement=&#8221;right&#8221; button_on_hover=&#8221;on&#8221; button_text_color_hover=&#8221;#2b2c2a&#8221; button_bg_color_hover=&#8221;rgba(0,0,0,0)&#8221; button_border_color_hover=&#8221;#2b2c2a&#8221; button_border_radius_hover=&#8221;0&#8243; button_letter_spacing_hover=&#8221;2&#8243; disabled=&#8221;off&#8221;]<\/p>\n<p><strong>W naszej pasiece posiadamy reproduktorki, kt\u00f3re s\u0105 sprowadzone przez nas bezpo\u015brednio:<\/strong><\/p>\n<ul>\n<li><strong>buckfast KB z Danii od Kelda Brandstrupa<\/strong><\/li>\n<li><strong>buckfast GZ z Niemiec od Georga Zierera<\/strong><\/li>\n<li><strong>buckfast PS HYG+ z Niemiec od Petera Stofena.<\/strong><\/li>\n<\/ul>\n<p><strong><span style=\"color: #f7c100;\">Prowadzimy sprzeda\u017c matek<\/span><\/strong><\/p>\n<p><strong><span style=\"color: #f7c100;\">jednodni\u00f3wki\u00a0<\/span><\/strong><br \/>\n<strong> <span style=\"color: #f7c100;\"> unasiennione naturalnie\u00a0<\/span><\/strong><\/p>\n<p>Matki wysy\u0142ane s\u0105 zawsze za pobraniem od poniedzia\u0142ku do \u015brody do godziny 13 za po\u015brednictwem poczty polskiej zabezpieczone i odpowiednio oznakowane.<\/p>\n<p>[\/et_pb_cta][\/et_pb_column][\/et_pb_row][\/et_pb_section][et_pb_section transparent_background=&#8221;off&#8221; background_color=&#8221;#e09900&#8243; allow_player_pause=&#8221;off&#8221; inner_shadow=&#8221;off&#8221; parallax=&#8221;off&#8221; parallax_method=&#8221;on&#8221; custom_padding=&#8221;0px|0px|54px|0px&#8221; padding_mobile=&#8221;off&#8221; make_fullwidth=&#8221;off&#8221; use_custom_width=&#8221;off&#8221; width_unit=&#8221;off&#8221; custom_width_px=&#8221;1080px&#8221; custom_width_percent=&#8221;80%&#8221; make_equal=&#8221;off&#8221; use_custom_gutter=&#8221;off&#8221; fullwidth=&#8221;off&#8221; specialty=&#8221;off&#8221; admin_label=&#8221;Sekcja&#8221; disabled=&#8221;off&#8221;][et_pb_row make_fullwidth=&#8221;off&#8221; use_custom_width=&#8221;off&#8221; width_unit=&#8221;off&#8221; custom_width_px=&#8221;1080px&#8221; custom_width_percent=&#8221;80%&#8221; use_custom_gutter=&#8221;off&#8221; gutter_width=&#8221;3&#8243; custom_padding=&#8221;27px|0px|26px|0px&#8221; padding_mobile=&#8221;off&#8221; allow_player_pause=&#8221;off&#8221; parallax=&#8221;off&#8221; parallax_method=&#8221;on&#8221; make_equal=&#8221;off&#8221; column_padding_mobile=&#8221;on&#8221; parallax_1=&#8221;off&#8221; parallax_method_1=&#8221;on&#8221; parallax_2=&#8221;off&#8221; parallax_method_2=&#8221;on&#8221; parallax_3=&#8221;off&#8221; parallax_method_3=&#8221;on&#8221; parallax_4=&#8221;off&#8221; parallax_method_4=&#8221;on&#8221; admin_label=&#8221;Wiersz&#8221; disabled=&#8221;off&#8221;][et_pb_column type=&#8221;4_4&#8243; disabled=&#8221;off&#8221; parallax=&#8221;off&#8221; parallax_method=&#8221;on&#8221; column_padding_mobile=&#8221;on&#8221;][et_pb_text background_layout=&#8221;light&#8221; text_orientation=&#8221;left&#8221; admin_label=&#8221;Tekst&#8221; text_font_size=&#8221;16&#8243; use_border_color=&#8221;off&#8221; border_style=&#8221;solid&#8221; disabled=&#8221;off&#8221;]<\/p>\n<p><strong><span style=\"color: #edf000;\">Brat Adam (Karl Kehrle)<\/span><\/strong> <span style=\"color: #000000;\">zarz\u0105dza\u0142 pasiek\u0105 Opactwa Buckfast w latach 1919 \u2013 1992. Stworzy\u0142 odmian\u0119 Buckfast wprowadzaj\u0105c metod\u0119 hodowli matek opart\u0105 na czysto\u015bci rasy, kontrolowanym kojarzeniu, dok\u0142adnych notatkach i w\u0142a\u015bciwej selekcji. Brat Adam nie usi\u0142owa\u0142 zachowa\u0107 pszcz\u00f3\u0142 Buckfast tylko dla siebie i dzisiaj mamy zaszczyt i mo\u017cliwo\u015bc korzystania z jego spu\u015bcizny.<\/span><\/p>\n<p><span style=\"color: #edf000;\"><strong>Bucfast`a<\/strong><\/span> <span style=\"color: #000000;\">charakteryzuje do\u015b\u0107 dynamiczny wiosenny rozw\u00f3j gwarantuj\u0105cy zbi\u00f3r po\u017cytku z mniszka i rzepaku. Mi\u00f3d sk\u0142adany jest zawsze nad gniazdem i zazwyczaj sklepiony na sucho. Matki czerwi\u0105 w ci\u0105gu ca\u0142ego sezonu intensywnie pozwalaj\u0105c wykorzystywa\u0107 wi\u0119kszo\u015b\u0107 po\u017cytk\u00f3w. Por\u00f3wnuj\u0105c do krainek r\u00f3\u017cnice w zbiorach miodu wida\u0107 szczeg\u00f3lnie na pocz\u0105tku i ko\u0144cu sezonu. Pszcz\u00f3\u0142 jest jeszcze na tyle du\u017co \u017ce pozwalaj\u0105 zebra\u0107 po\u017cytek z naw\u0142oci i wrzosu co potwierdzaj\u0105 pszczelarze korzystaj\u0105cy z tych w\u0142a\u015bnie p\u00f3\u017anych po\u017cytk\u00f3w. Wykorzystuj\u0105 r\u00f3wnie\u017c po\u017cytek spadziowy. Przynosz\u0105 du\u017ce ilo\u015bci py\u0142ku kwiatowego. Podczas przegl\u0105d\u00f3w bardzo spokojne, trzymaj\u0105 si\u0119 plastra pozwalaj\u0105c na sprawn\u0105 prac\u0119. Pszczo\u0142a polecana do \u015brednich i du\u017cych pasiek wykorzystuj\u0105cych wi\u0119kszo\u015b\u0107 dost\u0119pnych po\u017cytk\u00f3w. Pszczelarze posiadaj\u0105cy kilka rodzin w przydomowym sadzie r\u00f3wnie\u017c b\u0119d\u0105 zadowoleni ze wzgl\u0119du na miodno\u015b\u0107 i wyj\u0105tkow\u0105 \u0142agodno\u015b\u0107 tej pszczo\u0142y.<\/span><\/p>\n<p>[\/et_pb_text][\/et_pb_column][\/et_pb_row][\/et_pb_section][et_pb_section transparent_background=&#8221;off&#8221; background_color=&#8221;#f7c100&#8243; allow_player_pause=&#8221;off&#8221; inner_shadow=&#8221;off&#8221; parallax=&#8221;off&#8221; parallax_method=&#8221;off&#8221; custom_padding=&#8221;||0px|&#8221; padding_mobile=&#8221;off&#8221; make_fullwidth=&#8221;off&#8221; use_custom_width=&#8221;off&#8221; width_unit=&#8221;on&#8221; make_equal=&#8221;off&#8221; use_custom_gutter=&#8221;off&#8221; fullwidth=&#8221;off&#8221; specialty=&#8221;off&#8221; admin_label=&#8221;Sekcja&#8221; disabled=&#8221;off&#8221; global_module=&#8221;55&#8243;][et_pb_row make_fullwidth=&#8221;off&#8221; use_custom_width=&#8221;off&#8221; width_unit=&#8221;off&#8221; custom_width_px=&#8221;1080px&#8221; custom_width_percent=&#8221;80%&#8221; use_custom_gutter=&#8221;off&#8221; gutter_width=&#8221;3&#8243; custom_padding=&#8221;||0px|&#8221; padding_mobile=&#8221;off&#8221; allow_player_pause=&#8221;off&#8221; parallax=&#8221;off&#8221; parallax_method=&#8221;on&#8221; make_equal=&#8221;off&#8221; column_padding_mobile=&#8221;on&#8221; parallax_1=&#8221;off&#8221; parallax_method_1=&#8221;on&#8221; parallax_2=&#8221;off&#8221; parallax_method_2=&#8221;on&#8221; parallax_3=&#8221;off&#8221; parallax_method_3=&#8221;on&#8221; parallax_4=&#8221;off&#8221; parallax_method_4=&#8221;on&#8221; admin_label=&#8221;Wiersz&#8221; disabled=&#8221;off&#8221;][et_pb_column type=&#8221;4_4&#8243; disabled=&#8221;off&#8221; parallax=&#8221;off&#8221; parallax_method=&#8221;on&#8221; column_padding_mobile=&#8221;on&#8221;][et_pb_text background_layout=&#8221;dark&#8221; text_orientation=&#8221;center&#8221; admin_label=&#8221;Tekst&#8221; header_font=&#8221;|on|||&#8221; header_font_size=&#8221;23px&#8221; use_border_color=&#8221;off&#8221; border_style=&#8221;solid&#8221; disabled=&#8221;off&#8221;]<\/p>\n<h1 style=\"text-align: center;\">Masz do nas jakie\u015b pytania?<\/h1>\n<p>[\/et_pb_text][et_pb_button button_url=&#8221;http:\/\/pasiekamarianowo.com.pl\/index.php\/kontakt\/&#8221; url_new_window=&#8221;off&#8221; button_text=&#8221;Napisz do nas&#8221; button_alignment=&#8221;center&#8221; background_layout=&#8221;dark&#8221; admin_label=&#8221;Przycisk&#8221; custom_button=&#8221;on&#8221; button_text_size=&#8221;17&#8243; button_text_color=&#8221;#ffffff&#8221; button_bg_color=&#8221;rgba(0,0,0,0)&#8221; button_border_color=&#8221;#ffffff&#8221; button_border_radius=&#8221;10px&#8221; button_letter_spacing=&#8221;0&#8243; button_font=&#8221;|on|||&#8221; button_use_icon=&#8221;default&#8221; button_icon_placement=&#8221;right&#8221; button_on_hover=&#8221;on&#8221; button_letter_spacing_hover=&#8221;0&#8243; disabled=&#8221;off&#8221;]<\/p>\n<p>[\/et_pb_button][et_pb_text background_layout=&#8221;dark&#8221; text_orientation=&#8221;center&#8221; admin_label=&#8221;Tekst&#8221; text_font=&#8221;|on|||&#8221; text_font_size=&#8221;15&#8243; use_border_color=&#8221;off&#8221; border_style=&#8221;solid&#8221; disabled=&#8221;off&#8221;]<\/p>\n<p>OBSERWUJ NAS<\/p>\n<p>[\/et_pb_text][et_pb_social_media_follow link_shape=&#8221;circle&#8221; background_layout=&#8221;dark&#8221; url_new_window=&#8221;off&#8221; follow_button=&#8221;off&#8221; admin_label=&#8221;Przyciski spo\u0142eczno\u015bciowe&#8221; disabled=&#8221;off&#8221;][et_pb_social_media_follow_network social_network=&#8221;facebook&#8221; url=&#8221;https:\/\/www.facebook.com\/MI\u00d3D-Marianowo-1620407571575735\/?ref=settings&#8221; skype_action=&#8221;call&#8221; bg_color=&#8221;#ffffff&#8221; disabled=&#8221;off&#8221; link_shape=&#8221;circle&#8221; follow_button=&#8221;off&#8221; url_new_window=&#8221;off&#8221;] facebook [\/et_pb_social_media_follow_network][\/et_pb_social_media_follow][et_pb_text background_layout=&#8221;light&#8221; text_orientation=&#8221;left&#8221; admin_label=&#8221;Tekst&#8221; use_border_color=&#8221;off&#8221; border_style=&#8221;solid&#8221; disabled=&#8221;off&#8221;]<\/p>\n<p><img loading=\"lazy\" decoding=\"async\" class=\"wp-image-40 aligncenter\" src=\"https:\/\/pasiekamarianowo.com.pl\/wp-content\/uploads\/2017\/01\/mi\u00f3d-white-244x300.png\" alt=\"\" width=\"100\" height=\"123\" \/><\/p>\n<p>[\/et_pb_text][\/et_pb_column][\/et_pb_row][\/et_pb_section]<\/p>\n","protected":false},"excerpt":{"rendered":"<p>Matki Pszczele W naszej pasiece posiadamy reproduktorki, kt\u00f3re s\u0105 sprowadzone przez nas bezpo\u015brednio: buckfast KB z Danii od Kelda Brandstrupa buckfast GZ z Niemiec od Georga Zierera buckfast PS HYG+ z Niemiec od Petera Stofena. Prowadzimy sprzeda\u017c matek jednodni\u00f3wki\u00a0 unasiennione naturalnie\u00a0 Matki wysy\u0142ane s\u0105 zawsze za pobraniem od poniedzia\u0142ku do \u015brody do godziny 13 za [&hellip;]<\/p>\n","protected":false},"author":1,"featured_media":0,"parent":0,"menu_order":0,"comment_status":"closed","ping_status":"closed","template":"","meta":{"_et_pb_use_builder":"on","_et_pb_old_content":"","_et_gb_content_width":"","footnotes":""},"class_list":["post-59","page","type-page","status-publish","hentry"],"_links":{"self":[{"href":"https:\/\/pasiekamarianowo.com.pl\/index.php\/wp-json\/wp\/v2\/pages\/59","targetHints":{"allow":["GET"]}}],"collection":[{"href":"https:\/\/pasiekamarianowo.com.pl\/index.php\/wp-json\/wp\/v2\/pages"}],"about":[{"href":"https:\/\/pasiekamarianowo.com.pl\/index.php\/wp-json\/wp\/v2\/types\/page"}],"author":[{"embeddable":true,"href":"https:\/\/pasiekamarianowo.com.pl\/index.php\/wp-json\/wp\/v2\/users\/1"}],"replies":[{"embeddable":true,"href":"https:\/\/pasiekamarianowo.com.pl\/index.php\/wp-json\/wp\/v2\/comments?post=59"}],"version-history":[{"count":0,"href":"https:\/\/pasiekamarianowo.com.pl\/index.php\/wp-json\/wp\/v2\/pages\/59\/revisions"}],"wp:attachment":[{"href":"https:\/\/pasiekamarianowo.com.pl\/index.php\/wp-json\/wp\/v2\/media?parent=59"}],"curies":[{"name":"wp","href":"https:\/\/api.w.org\/{rel}","templated":true}]}}