{"id":38,"date":"2017-01-26T13:28:59","date_gmt":"2017-01-26T12:28:59","guid":{"rendered":"https:\/\/pasiekamarianowo.com.pl\/?page_id=38"},"modified":"2017-03-08T23:11:21","modified_gmt":"2017-03-08T22:11:21","slug":"start","status":"publish","type":"page","link":"https:\/\/pasiekamarianowo.com.pl\/","title":{"rendered":"start"},"content":{"rendered":"<p>[et_pb_section admin_label=&#8221;Sekcja&#8221; transparent_background=&#8221;off&#8221; allow_player_pause=&#8221;off&#8221; inner_shadow=&#8221;off&#8221; parallax=&#8221;off&#8221; parallax_method=&#8221;on&#8221; custom_padding=&#8221;0px|0px|0px|0px&#8221; padding_mobile=&#8221;off&#8221; make_fullwidth=&#8221;off&#8221; use_custom_width=&#8221;off&#8221; width_unit=&#8221;off&#8221; custom_width_px=&#8221;1080px&#8221; custom_width_percent=&#8221;80%&#8221; make_equal=&#8221;off&#8221; use_custom_gutter=&#8221;off&#8221; fullwidth=&#8221;on&#8221; specialty=&#8221;off&#8221; disabled=&#8221;off&#8221;][et_pb_fullwidth_header admin_label=&#8221;Nag\u0142\u00f3wek pe\u0142nej szeroko\u015bci&#8221; title=&#8221; &#8221; background_layout=&#8221;dark&#8221; text_orientation=&#8221;center&#8221; header_fullscreen=&#8221;on&#8221; header_scroll_down=&#8221;off&#8221; scroll_down_icon=&#8221;%%3%%&#8221; button_one_text=&#8221;Wi\u0119cej&#8221; button_one_url=&#8221;#onas&#8221; background_url=&#8221;https:\/\/pasiekamarianowo.com.pl\/wp-content\/uploads\/2017\/01\/dirurl856mq-dixit-motiwala.jpg&#8221; background_overlay_color=&#8221;rgba(0,0,0,0.15)&#8221; parallax=&#8221;on&#8221; parallax_method=&#8221;off&#8221; logo_image_url=&#8221;https:\/\/pasiekamarianowo.com.pl\/wp-content\/uploads\/2017\/01\/mi\u00f3d-white.png&#8221; content_orientation=&#8221;center&#8221; image_orientation=&#8221;center&#8221; title_font_size=&#8221;30px&#8221; content_font_size=&#8221;14px&#8221; custom_button_one=&#8221;on&#8221; button_one_text_size=&#8221;17px&#8221; button_one_text_color=&#8221;#ffffff&#8221; button_one_bg_color=&#8221;rgba(255,255,255,0)&#8221; button_one_border_width=&#8221;2px&#8221; button_one_border_color=&#8221;#ffffff&#8221; button_one_border_radius=&#8221;10px&#8221; button_one_letter_spacing=&#8221;0&#8243; button_one_font=&#8221;|on|||&#8221; button_one_use_icon=&#8221;default&#8221; button_one_icon_placement=&#8221;right&#8221; button_one_on_hover=&#8221;on&#8221; button_one_letter_spacing_hover=&#8221;0&#8243; custom_button_two=&#8221;off&#8221; button_two_text_size=&#8221;20&#8243; button_two_letter_spacing=&#8221;0&#8243; button_two_use_icon=&#8221;default&#8221; button_two_icon_placement=&#8221;right&#8221; button_two_on_hover=&#8221;on&#8221; button_two_letter_spacing_hover=&#8221;0&#8243; custom_css_logo=&#8221;max-width: 200px;&#8221; disabled=&#8221;off&#8221;] [\/et_pb_fullwidth_header][\/et_pb_section][et_pb_section admin_label=&#8221;Sekcja&#8221; transparent_background=&#8221;off&#8221; background_color=&#8221;#fced97&#8243; allow_player_pause=&#8221;off&#8221; inner_shadow=&#8221;off&#8221; parallax=&#8221;off&#8221; parallax_method=&#8221;on&#8221; custom_padding=&#8221;0px|0px|0px|0px&#8221; padding_mobile=&#8221;off&#8221; make_fullwidth=&#8221;off&#8221; use_custom_width=&#8221;off&#8221; width_unit=&#8221;off&#8221; custom_width_px=&#8221;1080px&#8221; custom_width_percent=&#8221;80%&#8221; make_equal=&#8221;off&#8221; use_custom_gutter=&#8221;off&#8221; fullwidth=&#8221;off&#8221; specialty=&#8221;off&#8221; module_id=&#8221;onas&#8221; disabled=&#8221;off&#8221;][et_pb_row admin_label=&#8221;Wiersz&#8221; make_fullwidth=&#8221;on&#8221; use_custom_width=&#8221;off&#8221; width_unit=&#8221;on&#8221; custom_width_px=&#8221;1080px&#8221; custom_width_percent=&#8221;80%&#8221; use_custom_gutter=&#8221;on&#8221; gutter_width=&#8221;0&#8243; custom_padding=&#8221;0px|0px|0px|0px&#8221; padding_mobile=&#8221;off&#8221; allow_player_pause=&#8221;off&#8221; parallax=&#8221;off&#8221; parallax_method=&#8221;off&#8221; make_equal=&#8221;off&#8221; column_padding_mobile=&#8221;on&#8221; parallax_1=&#8221;off&#8221; parallax_method_1=&#8221;off&#8221; parallax_2=&#8221;off&#8221; parallax_method_2=&#8221;off&#8221; parallax_3=&#8221;off&#8221; parallax_method_3=&#8221;on&#8221; parallax_4=&#8221;off&#8221; parallax_method_4=&#8221;on&#8221; disabled=&#8221;off&#8221;][et_pb_column type=&#8221;1_2&#8243;][et_pb_image admin_label=&#8221;Obraz&#8221; src=&#8221;https:\/\/pasiekamarianowo.com.pl\/wp-content\/uploads\/2017\/01\/IMG_20150529_110251.jpg&#8221; show_in_lightbox=&#8221;off&#8221; url_new_window=&#8221;off&#8221; use_overlay=&#8221;off&#8221; animation=&#8221;off&#8221; sticky=&#8221;off&#8221; align=&#8221;center&#8221; force_fullwidth=&#8221;on&#8221; always_center_on_mobile=&#8221;on&#8221; use_border_color=&#8221;off&#8221; border_color=&#8221;#ffffff&#8221; border_width=&#8221;1px&#8221; border_style=&#8221;solid&#8221; disabled=&#8221;off&#8221;] [\/et_pb_image][\/et_pb_column][et_pb_column type=&#8221;1_2&#8243;][et_pb_text admin_label=&#8221;Tekst&#8221; background_layout=&#8221;light&#8221; text_orientation=&#8221;left&#8221; header_font=&#8221;|on|||&#8221; header_font_size=&#8221;35px&#8221; header_text_color=&#8221;#f7c100&#8243; use_border_color=&#8221;off&#8221; border_style=&#8221;solid&#8221; custom_margin=&#8221;50px|50px|50px|50px&#8221; disabled=&#8221;off&#8221;]<\/p>\n<h1 style=\"text-align: center;\"><span style=\"font-size: xx-large;\"><strong>Pszczelarstwo jest dla nas pasj\u0105.<\/strong><\/span><\/h1>\n<p>&nbsp;<\/p>\n<p style=\"margin-bottom: 0cm; text-align: justify;\" align=\"CENTER\"><span style=\"font-size: large;\">\u00a0 \u00a0 \u00a0 \u00a0 \u00a0 <span style=\"color: #000000;\">Pasiek\u0119 prowadzimy pokoleniowo, my przej\u0119li\u015bmy pasiek\u0119 po ojcu i obecnie w pasiece rozpoczynaj\u0105 swoja przygod\u0119 z pszczelarstwem nasze c\u00f3rki to ju\u017c pi\u0105te pokolenie. Pasieki zlokalizowane s\u0105 na terenach pomorza zachodniego, zakwalifikowanych do programu Natura 2000 Ostoja I\u0144ska. S\u0105 to tereny ekologiczne z I\u0144skim Parkiem Ekologicznym, licznymi jeziorami, r\u00f3wnie\u017c nasze gospodarstwo posiada certyfikat ekologiczny potwierdzany pozytywnymi kontrolami przez jednostk\u0119 certyfikuj\u0105c\u0105. Pozyskuj\u0105c fundusze europejskie ca\u0142y czas zmieniamy nasz\u0105 pasiek\u0119, dzi\u0119ki r\u00f3\u017cnym szkoleniom udoskonalamy swoj\u0105 prac\u0119, aby pozyskiwa\u0107 produkty i matki pszczele\u00a0najlepszej jako\u015bci.<\/span><\/span><\/p>\n<p>[\/et_pb_text][\/et_pb_column][\/et_pb_row][\/et_pb_section][et_pb_section admin_label=&#8221;Sekcja&#8221; global_module=&#8221;55&#8243; transparent_background=&#8221;off&#8221; background_color=&#8221;#f7c100&#8243; allow_player_pause=&#8221;off&#8221; inner_shadow=&#8221;off&#8221; parallax=&#8221;off&#8221; parallax_method=&#8221;off&#8221; padding_mobile=&#8221;off&#8221; make_fullwidth=&#8221;off&#8221; use_custom_width=&#8221;off&#8221; width_unit=&#8221;on&#8221; make_equal=&#8221;off&#8221; use_custom_gutter=&#8221;off&#8221; fullwidth=&#8221;off&#8221; specialty=&#8221;off&#8221; disabled=&#8221;off&#8221; custom_padding=&#8221;||0px|&#8221;][et_pb_row global_parent=&#8221;55&#8243; admin_label=&#8221;Wiersz&#8221; make_fullwidth=&#8221;off&#8221; use_custom_width=&#8221;off&#8221; width_unit=&#8221;off&#8221; use_custom_gutter=&#8221;off&#8221; padding_mobile=&#8221;off&#8221; allow_player_pause=&#8221;off&#8221; parallax=&#8221;off&#8221; parallax_method=&#8221;on&#8221; make_equal=&#8221;off&#8221; column_padding_mobile=&#8221;on&#8221; parallax_1=&#8221;off&#8221; parallax_method_1=&#8221;on&#8221; parallax_2=&#8221;off&#8221; parallax_method_2=&#8221;on&#8221; parallax_3=&#8221;off&#8221; parallax_method_3=&#8221;on&#8221; parallax_4=&#8221;off&#8221; parallax_method_4=&#8221;on&#8221; disabled=&#8221;off&#8221; custom_padding=&#8221;||0px|&#8221;][et_pb_column type=&#8221;4_4&#8243;][et_pb_text global_parent=&#8221;55&#8243; admin_label=&#8221;Tekst&#8221; background_layout=&#8221;dark&#8221; text_orientation=&#8221;center&#8221; header_font=&#8221;|on|||&#8221; header_font_size=&#8221;23px&#8221; use_border_color=&#8221;off&#8221; border_style=&#8221;solid&#8221; disabled=&#8221;off&#8221;]<\/p>\n<h1 style=\"text-align: center;\">Masz do nas jakie\u015b pytania?<\/h1>\n<p>[\/et_pb_text][et_pb_button global_parent=&#8221;55&#8243; admin_label=&#8221;Przycisk&#8221; button_url=&#8221;http:\/\/pasiekamarianowo.com.pl\/index.php\/kontakt\/&#8221; url_new_window=&#8221;off&#8221; button_text=&#8221;Napisz do nas&#8221; button_alignment=&#8221;center&#8221; background_layout=&#8221;dark&#8221; custom_button=&#8221;on&#8221; button_text_size=&#8221;17&#8243; button_text_color=&#8221;#ffffff&#8221; button_bg_color=&#8221;rgba(0,0,0,0)&#8221; button_border_color=&#8221;#ffffff&#8221; button_border_radius=&#8221;10px&#8221; button_letter_spacing=&#8221;0&#8243; button_font=&#8221;|on|||&#8221; button_use_icon=&#8221;default&#8221; button_icon_placement=&#8221;right&#8221; button_on_hover=&#8221;on&#8221; button_letter_spacing_hover=&#8221;0&#8243; disabled=&#8221;off&#8221;] [\/et_pb_button][et_pb_text global_parent=&#8221;55&#8243; admin_label=&#8221;Tekst&#8221; background_layout=&#8221;dark&#8221; text_orientation=&#8221;center&#8221; use_border_color=&#8221;off&#8221; border_style=&#8221;solid&#8221; disabled=&#8221;off&#8221; text_font=&#8221;|on|||&#8221; text_font_size=&#8221;15&#8243; border_color=&#8221;#ffffff&#8221;]<\/p>\n<p>OBSERWUJ NAS<\/p>\n<p>[\/et_pb_text][et_pb_social_media_follow global_parent=&#8221;55&#8243; admin_label=&#8221;Przyciski spo\u0142eczno\u015bciowe&#8221; link_shape=&#8221;circle&#8221; background_layout=&#8221;dark&#8221; url_new_window=&#8221;off&#8221; follow_button=&#8221;off&#8221;] [et_pb_social_media_follow_network social_network=&#8221;facebook&#8221; url=&#8221;https:\/\/www.facebook.com\/MI\u00d3D-Marianowo-1620407571575735\/?ref=settings&#8221; skype_action=&#8221;call&#8221; bg_color=&#8221;#ffffff&#8221;] facebook [\/et_pb_social_media_follow_network] [\/et_pb_social_media_follow][et_pb_text global_parent=&#8221;55&#8243; admin_label=&#8221;Tekst&#8221; background_layout=&#8221;light&#8221; text_orientation=&#8221;left&#8221; use_border_color=&#8221;off&#8221; border_style=&#8221;solid&#8221; disabled=&#8221;off&#8221;]<\/p>\n<p><img loading=\"lazy\" decoding=\"async\" class=\"wp-image-40 aligncenter\" src=\"https:\/\/pasiekamarianowo.com.pl\/wp-content\/uploads\/2017\/01\/mi\u00f3d-white-244x300.png\" alt=\"\" width=\"100\" height=\"123\" \/><\/p>\n<p>[\/et_pb_text][\/et_pb_column][\/et_pb_row][\/et_pb_section]<\/p>\n","protected":false},"excerpt":{"rendered":"<p>Pszczelarstwo jest dla nas pasj\u0105. &nbsp; \u00a0 \u00a0 \u00a0 \u00a0 \u00a0 Pasiek\u0119 prowadzimy pokoleniowo, my przej\u0119li\u015bmy pasiek\u0119 po ojcu i obecnie w pasiece rozpoczynaj\u0105 swoja przygod\u0119 z pszczelarstwem nasze c\u00f3rki to ju\u017c pi\u0105te pokolenie. Pasieki zlokalizowane s\u0105 na terenach pomorza zachodniego, zakwalifikowanych do programu Natura 2000 Ostoja I\u0144ska. S\u0105 to tereny ekologiczne z I\u0144skim Parkiem [&hellip;]<\/p>\n","protected":false},"author":1,"featured_media":0,"parent":0,"menu_order":0,"comment_status":"closed","ping_status":"closed","template":"","meta":{"_et_pb_use_builder":"on","_et_pb_old_content":"","_et_gb_content_width":"","footnotes":""},"class_list":["post-38","page","type-page","status-publish","hentry"],"_links":{"self":[{"href":"https:\/\/pasiekamarianowo.com.pl\/index.php\/wp-json\/wp\/v2\/pages\/38","targetHints":{"allow":["GET"]}}],"collection":[{"href":"https:\/\/pasiekamarianowo.com.pl\/index.php\/wp-json\/wp\/v2\/pages"}],"about":[{"href":"https:\/\/pasiekamarianowo.com.pl\/index.php\/wp-json\/wp\/v2\/types\/page"}],"author":[{"embeddable":true,"href":"https:\/\/pasiekamarianowo.com.pl\/index.php\/wp-json\/wp\/v2\/users\/1"}],"replies":[{"embeddable":true,"href":"https:\/\/pasiekamarianowo.com.pl\/index.php\/wp-json\/wp\/v2\/comments?post=38"}],"version-history":[{"count":0,"href":"https:\/\/pasiekamarianowo.com.pl\/index.php\/wp-json\/wp\/v2\/pages\/38\/revisions"}],"wp:attachment":[{"href":"https:\/\/pasiekamarianowo.com.pl\/index.php\/wp-json\/wp\/v2\/media?parent=38"}],"curies":[{"name":"wp","href":"https:\/\/api.w.org\/{rel}","templated":true}]}}